{"id":4662,"date":"2025-10-02T14:26:08","date_gmt":"2025-10-02T19:26:08","guid":{"rendered":"https:\/\/spot.org.pa\/?page_id=4662"},"modified":"2025-10-02T14:33:16","modified_gmt":"2025-10-02T19:33:16","slug":"actualizando-pagina","status":"publish","type":"page","link":"https:\/\/spot.org.pa\/en\/actualizando-pagina\/","title":{"rendered":"Actualizando P\u00e1gina"},"content":{"rendered":"<div data-elementor-type=\"wp-page\" data-elementor-id=\"4662\" class=\"elementor elementor-4662\" data-elementor-post-type=\"page\">\n\t\t\t\t\t\t<section class=\"elementor-section elementor-top-section elementor-element elementor-element-7bc5fe1 elementor-section-boxed elementor-section-height-default elementor-section-height-default\" data-id=\"7bc5fe1\" data-element_type=\"section\">\n\t\t\t\t\t\t<div class=\"elementor-container elementor-column-gap-default\">\n\t\t\t\t\t<div class=\"elementor-column elementor-col-100 elementor-top-column elementor-element elementor-element-a389bed\" data-id=\"a389bed\" data-element_type=\"column\">\n\t\t\t<div class=\"elementor-widget-wrap elementor-element-populated\">\n\t\t\t\t\t\t<div class=\"elementor-element elementor-element-e92b2d4 elementor-widget elementor-widget-image\" data-id=\"e92b2d4\" data-element_type=\"widget\" data-widget_type=\"image.default\">\n\t\t\t\t<div class=\"elementor-widget-container\">\n\t\t\t\t\t\t\t\t\t\t\t\t\t\t\t<img fetchpriority=\"high\" decoding=\"async\" width=\"1920\" height=\"800\" src=\"https:\/\/spot.org.pa\/wp-content\/uploads\/2025\/07\/Congreso2025.jpeg\" class=\"attachment-full size-full wp-image-3991\" alt=\"Congreso Nacional de la Sociedad Paname\u00f1a de Ortopedia y Traumatolog\u00eda\" srcset=\"https:\/\/spot.org.pa\/wp-content\/uploads\/2025\/07\/Congreso2025.jpeg 1920w, https:\/\/spot.org.pa\/wp-content\/uploads\/2025\/07\/Congreso2025-300x125.jpeg 300w, https:\/\/spot.org.pa\/wp-content\/uploads\/2025\/07\/Congreso2025-1024x427.jpeg 1024w, https:\/\/spot.org.pa\/wp-content\/uploads\/2025\/07\/Congreso2025-768x320.jpeg 768w, https:\/\/spot.org.pa\/wp-content\/uploads\/2025\/07\/Congreso2025-1536x640.jpeg 1536w, https:\/\/spot.org.pa\/wp-content\/uploads\/2025\/07\/Congreso2025-18x8.jpeg 18w, https:\/\/spot.org.pa\/wp-content\/uploads\/2025\/07\/Congreso2025-500x208.jpeg 500w\" sizes=\"(max-width: 1920px) 100vw, 1920px\" \/>\t\t\t\t\t\t\t\t\t\t\t\t\t\t\t<\/div>\n\t\t\t\t<\/div>\n\t\t\t\t<div class=\"elementor-element elementor-element-49bedbd elementor-widget elementor-widget-heading\" data-id=\"49bedbd\" data-element_type=\"widget\" data-widget_type=\"heading.default\">\n\t\t\t\t<div class=\"elementor-widget-container\">\n\t\t\t\t\t<h2 class=\"elementor-heading-title elementor-size-default\">Estamos actualizando esta secci\u00f3n pronto estaremos disponibles nuevamente.<\/h2>\t\t\t\t<\/div>\n\t\t\t\t<\/div>\n\t\t\t\t<div class=\"elementor-element elementor-element-787ce70 elementor-widget elementor-widget-image\" data-id=\"787ce70\" data-element_type=\"widget\" data-widget_type=\"image.default\">\n\t\t\t\t<div class=\"elementor-widget-container\">\n\t\t\t\t\t\t\t\t\t\t\t\t\t\t\t<img decoding=\"async\" width=\"1280\" height=\"720\" src=\"https:\/\/spot.org.pa\/wp-content\/uploads\/2025\/10\/under-928246_1280.jpg\" class=\"attachment-full size-full wp-image-4663\" alt=\"\" srcset=\"https:\/\/spot.org.pa\/wp-content\/uploads\/2025\/10\/under-928246_1280.jpg 1280w, https:\/\/spot.org.pa\/wp-content\/uploads\/2025\/10\/under-928246_1280-300x169.jpg 300w, https:\/\/spot.org.pa\/wp-content\/uploads\/2025\/10\/under-928246_1280-1024x576.jpg 1024w, https:\/\/spot.org.pa\/wp-content\/uploads\/2025\/10\/under-928246_1280-768x432.jpg 768w, https:\/\/spot.org.pa\/wp-content\/uploads\/2025\/10\/under-928246_1280-18x10.jpg 18w, https:\/\/spot.org.pa\/wp-content\/uploads\/2025\/10\/under-928246_1280-500x281.jpg 500w\" sizes=\"(max-width: 1280px) 100vw, 1280px\" \/>\t\t\t\t\t\t\t\t\t\t\t\t\t\t\t<\/div>\n\t\t\t\t<\/div>\n\t\t\t\t<div class=\"elementor-element elementor-element-f3f3e23 elementor-widget elementor-widget-heading\" data-id=\"f3f3e23\" data-element_type=\"widget\" data-widget_type=\"heading.default\">\n\t\t\t\t<div class=\"elementor-widget-container\">\n\t\t\t\t\t<h2 class=\"elementor-heading-title elementor-size-default\">Estamos actualizando esta secci\u00f3n pronto estaremos disponibles nuevamente.<\/h2>\t\t\t\t<\/div>\n\t\t\t\t<\/div>\n\t\t\t\t\t<\/div>\n\t\t<\/div>\n\t\t\t\t\t<\/div>\n\t\t<\/section>\n\t\t\t\t<section class=\"elementor-section elementor-top-section elementor-element elementor-element-2117aa6 elementor-section-boxed elementor-section-height-default elementor-section-height-default\" data-id=\"2117aa6\" data-element_type=\"section\">\n\t\t\t\t\t\t<div class=\"elementor-container elementor-column-gap-default\">\n\t\t\t\t\t<div class=\"elementor-column elementor-col-100 elementor-top-column elementor-element elementor-element-66d82b6\" data-id=\"66d82b6\" data-element_type=\"column\">\n\t\t\t<div class=\"elementor-widget-wrap\">\n\t\t\t\t\t\t\t<\/div>\n\t\t<\/div>\n\t\t\t\t\t<\/div>\n\t\t<\/section>\n\t\t\t\t<\/div>","protected":false},"excerpt":{"rendered":"<p>Estamos actualizando esta secci\u00f3n pronto estaremos disponibles nuevamente. Estamos actualizando esta secci\u00f3n pronto estaremos disponibles nuevamente.<\/p>","protected":false},"author":2,"featured_media":0,"parent":0,"menu_order":0,"comment_status":"closed","ping_status":"closed","template":"","meta":{"_acf_changed":false,"footnotes":""},"class_list":["post-4662","page","type-page","status-publish","hentry"],"acf":[],"yoast_head":"<!-- This site is optimized with the Yoast SEO plugin v26.6 - https:\/\/yoast.com\/wordpress\/plugins\/seo\/ -->\n<title>Actualizando P\u00e1gina - Sociedad Paname\u00f1a de Ortopedia y Traumatolog\u00eda<\/title>\n<meta name=\"robots\" content=\"index, follow, max-snippet:-1, max-image-preview:large, max-video-preview:-1\" \/>\n<link rel=\"canonical\" href=\"https:\/\/spot.org.pa\/en\/actualizando-pagina\/\" \/>\n<meta property=\"og:locale\" content=\"en_US\" \/>\n<meta property=\"og:type\" content=\"article\" \/>\n<meta property=\"og:title\" content=\"Actualizando P\u00e1gina - Sociedad Paname\u00f1a de Ortopedia y Traumatolog\u00eda\" \/>\n<meta property=\"og:description\" content=\"Estamos actualizando esta secci\u00f3n pronto estaremos disponibles nuevamente. Estamos actualizando esta secci\u00f3n pronto estaremos disponibles nuevamente.\" \/>\n<meta property=\"og:url\" content=\"https:\/\/spot.org.pa\/en\/actualizando-pagina\/\" \/>\n<meta property=\"og:site_name\" content=\"Sociedad Paname\u00f1a de Ortopedia y Traumatolog\u00eda\" \/>\n<meta property=\"article:modified_time\" content=\"2025-10-02T19:33:16+00:00\" \/>\n<meta property=\"og:image\" content=\"https:\/\/spot.org.pa\/wp-content\/uploads\/2025\/07\/Congreso2025.jpeg\" \/>\n\t<meta property=\"og:image:width\" content=\"1920\" \/>\n\t<meta property=\"og:image:height\" content=\"800\" \/>\n\t<meta property=\"og:image:type\" content=\"image\/jpeg\" \/>\n<meta name=\"twitter:card\" content=\"summary_large_image\" \/>\n<meta name=\"twitter:label1\" content=\"Est. reading time\" \/>\n\t<meta name=\"twitter:data1\" content=\"1 minute\" \/>\n<script type=\"application\/ld+json\" class=\"yoast-schema-graph\">{\"@context\":\"https:\/\/schema.org\",\"@graph\":[{\"@type\":\"WebPage\",\"@id\":\"https:\/\/spot.org.pa\/actualizando-pagina\/\",\"url\":\"https:\/\/spot.org.pa\/actualizando-pagina\/\",\"name\":\"Actualizando P\u00e1gina - Sociedad Paname\u00f1a de Ortopedia y Traumatolog\u00eda\",\"isPartOf\":{\"@id\":\"https:\/\/spot.org.pa\/#website\"},\"primaryImageOfPage\":{\"@id\":\"https:\/\/spot.org.pa\/actualizando-pagina\/#primaryimage\"},\"image\":{\"@id\":\"https:\/\/spot.org.pa\/actualizando-pagina\/#primaryimage\"},\"thumbnailUrl\":\"https:\/\/spot.org.pa\/wp-content\/uploads\/2025\/07\/Congreso2025.jpeg\",\"datePublished\":\"2025-10-02T19:26:08+00:00\",\"dateModified\":\"2025-10-02T19:33:16+00:00\",\"breadcrumb\":{\"@id\":\"https:\/\/spot.org.pa\/actualizando-pagina\/#breadcrumb\"},\"inLanguage\":\"en-US\",\"potentialAction\":[{\"@type\":\"ReadAction\",\"target\":[\"https:\/\/spot.org.pa\/actualizando-pagina\/\"]}]},{\"@type\":\"ImageObject\",\"inLanguage\":\"en-US\",\"@id\":\"https:\/\/spot.org.pa\/actualizando-pagina\/#primaryimage\",\"url\":\"https:\/\/spot.org.pa\/wp-content\/uploads\/2025\/07\/Congreso2025.jpeg\",\"contentUrl\":\"https:\/\/spot.org.pa\/wp-content\/uploads\/2025\/07\/Congreso2025.jpeg\"},{\"@type\":\"BreadcrumbList\",\"@id\":\"https:\/\/spot.org.pa\/actualizando-pagina\/#breadcrumb\",\"itemListElement\":[{\"@type\":\"ListItem\",\"position\":1,\"name\":\"Portada\",\"item\":\"https:\/\/spot.org.pa\/\"},{\"@type\":\"ListItem\",\"position\":2,\"name\":\"Actualizando P\u00e1gina\"}]},{\"@type\":\"WebSite\",\"@id\":\"https:\/\/spot.org.pa\/#website\",\"url\":\"https:\/\/spot.org.pa\/\",\"name\":\"Sociedad Paname\u00f1a de Ortopedia y Traumatolog\u00eda\",\"description\":\"\",\"publisher\":{\"@id\":\"https:\/\/spot.org.pa\/#organization\"},\"potentialAction\":[{\"@type\":\"SearchAction\",\"target\":{\"@type\":\"EntryPoint\",\"urlTemplate\":\"https:\/\/spot.org.pa\/?s={search_term_string}\"},\"query-input\":{\"@type\":\"PropertyValueSpecification\",\"valueRequired\":true,\"valueName\":\"search_term_string\"}}],\"inLanguage\":\"en-US\"},{\"@type\":\"Organization\",\"@id\":\"https:\/\/spot.org.pa\/#organization\",\"name\":\"Sociedad Paname\u00f1a de Ortopedia y Traumatolog\u00eda\",\"url\":\"https:\/\/spot.org.pa\/\",\"logo\":{\"@type\":\"ImageObject\",\"inLanguage\":\"en-US\",\"@id\":\"https:\/\/spot.org.pa\/#\/schema\/logo\/image\/\",\"url\":\"https:\/\/spot.org.pa\/wp-content\/uploads\/2022\/06\/Logo-SPOT-3.png\",\"contentUrl\":\"https:\/\/spot.org.pa\/wp-content\/uploads\/2022\/06\/Logo-SPOT-3.png\",\"width\":197,\"height\":70,\"caption\":\"Sociedad Paname\u00f1a de Ortopedia y Traumatolog\u00eda\"},\"image\":{\"@id\":\"https:\/\/spot.org.pa\/#\/schema\/logo\/image\/\"}}]}<\/script>\n<!-- \/ Yoast SEO plugin. -->","yoast_head_json":{"title":"Actualizando P\u00e1gina - Sociedad Paname\u00f1a de Ortopedia y Traumatolog\u00eda","robots":{"index":"index","follow":"follow","max-snippet":"max-snippet:-1","max-image-preview":"max-image-preview:large","max-video-preview":"max-video-preview:-1"},"canonical":"https:\/\/spot.org.pa\/en\/actualizando-pagina\/","og_locale":"en_US","og_type":"article","og_title":"Actualizando P\u00e1gina - Sociedad Paname\u00f1a de Ortopedia y Traumatolog\u00eda","og_description":"Estamos actualizando esta secci\u00f3n pronto estaremos disponibles nuevamente. Estamos actualizando esta secci\u00f3n pronto estaremos disponibles nuevamente.","og_url":"https:\/\/spot.org.pa\/en\/actualizando-pagina\/","og_site_name":"Sociedad Paname\u00f1a de Ortopedia y Traumatolog\u00eda","article_modified_time":"2025-10-02T19:33:16+00:00","og_image":[{"width":1920,"height":800,"url":"https:\/\/spot.org.pa\/wp-content\/uploads\/2025\/07\/Congreso2025.jpeg","type":"image\/jpeg"}],"twitter_card":"summary_large_image","twitter_misc":{"Est. reading time":"1 minute"},"schema":{"@context":"https:\/\/schema.org","@graph":[{"@type":"WebPage","@id":"https:\/\/spot.org.pa\/actualizando-pagina\/","url":"https:\/\/spot.org.pa\/actualizando-pagina\/","name":"Actualizando P\u00e1gina - Sociedad Paname\u00f1a de Ortopedia y Traumatolog\u00eda","isPartOf":{"@id":"https:\/\/spot.org.pa\/#website"},"primaryImageOfPage":{"@id":"https:\/\/spot.org.pa\/actualizando-pagina\/#primaryimage"},"image":{"@id":"https:\/\/spot.org.pa\/actualizando-pagina\/#primaryimage"},"thumbnailUrl":"https:\/\/spot.org.pa\/wp-content\/uploads\/2025\/07\/Congreso2025.jpeg","datePublished":"2025-10-02T19:26:08+00:00","dateModified":"2025-10-02T19:33:16+00:00","breadcrumb":{"@id":"https:\/\/spot.org.pa\/actualizando-pagina\/#breadcrumb"},"inLanguage":"en-US","potentialAction":[{"@type":"ReadAction","target":["https:\/\/spot.org.pa\/actualizando-pagina\/"]}]},{"@type":"ImageObject","inLanguage":"en-US","@id":"https:\/\/spot.org.pa\/actualizando-pagina\/#primaryimage","url":"https:\/\/spot.org.pa\/wp-content\/uploads\/2025\/07\/Congreso2025.jpeg","contentUrl":"https:\/\/spot.org.pa\/wp-content\/uploads\/2025\/07\/Congreso2025.jpeg"},{"@type":"BreadcrumbList","@id":"https:\/\/spot.org.pa\/actualizando-pagina\/#breadcrumb","itemListElement":[{"@type":"ListItem","position":1,"name":"Portada","item":"https:\/\/spot.org.pa\/"},{"@type":"ListItem","position":2,"name":"Actualizando P\u00e1gina"}]},{"@type":"WebSite","@id":"https:\/\/spot.org.pa\/#website","url":"https:\/\/spot.org.pa\/","name":"Sociedad Paname\u00f1a de Ortopedia y Traumatolog\u00eda","description":"","publisher":{"@id":"https:\/\/spot.org.pa\/#organization"},"potentialAction":[{"@type":"SearchAction","target":{"@type":"EntryPoint","urlTemplate":"https:\/\/spot.org.pa\/?s={search_term_string}"},"query-input":{"@type":"PropertyValueSpecification","valueRequired":true,"valueName":"search_term_string"}}],"inLanguage":"en-US"},{"@type":"Organization","@id":"https:\/\/spot.org.pa\/#organization","name":"Sociedad Paname\u00f1a de Ortopedia y Traumatolog\u00eda","url":"https:\/\/spot.org.pa\/","logo":{"@type":"ImageObject","inLanguage":"en-US","@id":"https:\/\/spot.org.pa\/#\/schema\/logo\/image\/","url":"https:\/\/spot.org.pa\/wp-content\/uploads\/2022\/06\/Logo-SPOT-3.png","contentUrl":"https:\/\/spot.org.pa\/wp-content\/uploads\/2022\/06\/Logo-SPOT-3.png","width":197,"height":70,"caption":"Sociedad Paname\u00f1a de Ortopedia y Traumatolog\u00eda"},"image":{"@id":"https:\/\/spot.org.pa\/#\/schema\/logo\/image\/"}}]}},"_links":{"self":[{"href":"https:\/\/spot.org.pa\/en\/wp-json\/wp\/v2\/pages\/4662","targetHints":{"allow":["GET"]}}],"collection":[{"href":"https:\/\/spot.org.pa\/en\/wp-json\/wp\/v2\/pages"}],"about":[{"href":"https:\/\/spot.org.pa\/en\/wp-json\/wp\/v2\/types\/page"}],"author":[{"embeddable":true,"href":"https:\/\/spot.org.pa\/en\/wp-json\/wp\/v2\/users\/2"}],"replies":[{"embeddable":true,"href":"https:\/\/spot.org.pa\/en\/wp-json\/wp\/v2\/comments?post=4662"}],"version-history":[{"count":6,"href":"https:\/\/spot.org.pa\/en\/wp-json\/wp\/v2\/pages\/4662\/revisions"}],"predecessor-version":[{"id":4670,"href":"https:\/\/spot.org.pa\/en\/wp-json\/wp\/v2\/pages\/4662\/revisions\/4670"}],"wp:attachment":[{"href":"https:\/\/spot.org.pa\/en\/wp-json\/wp\/v2\/media?parent=4662"}],"curies":[{"name":"wp","href":"https:\/\/api.w.org\/{rel}","templated":true}]}}